{"id":30746,"date":"2017-02-16T09:17:12","date_gmt":"2017-02-16T08:17:12","guid":{"rendered":"https:\/\/six-sept.ch\/contact\/"},"modified":"2024-09-10T11:02:10","modified_gmt":"2024-09-10T09:02:10","slug":"contact","status":"publish","type":"page","link":"https:\/\/six-sept.ch\/en\/contact\/","title":{"rendered":"Contact"},"content":{"rendered":"<p>[et_pb_section fb_built=&#8221;1&#8243; _builder_version=&#8221;4.25.1&#8243; _module_preset=&#8221;default&#8221; global_colors_info=&#8221;{}&#8221;][et_pb_row use_custom_gutter=&#8221;on&#8221; gutter_width=&#8221;1&#8243; make_equal=&#8221;on&#8221; _builder_version=&#8221;4.25.1&#8243; _module_preset=&#8221;default&#8221; width=&#8221;90%&#8221; max_width=&#8221;90%&#8221; module_alignment=&#8221;center&#8221; custom_margin=&#8221;0px|0px|0px|0px|false|false&#8221; custom_padding=&#8221;0px|0px|0px|0px|false|false&#8221; global_colors_info=&#8221;{}&#8221;][et_pb_column type=&#8221;4_4&#8243; _builder_version=&#8221;4.25.1&#8243; _module_preset=&#8221;default&#8221; global_colors_info=&#8221;{}&#8221;][et_pb_post_title meta=&#8221;off&#8221; featured_image=&#8221;off&#8221; _builder_version=&#8221;4.25.1&#8243; _module_preset=&#8221;default&#8221; title_font=&#8221;Baskervville|700|||||||&#8221; title_text_align=&#8221;center&#8221; title_font_size=&#8221;28px&#8221; title_letter_spacing=&#8221;1px&#8221; module_alignment=&#8221;left&#8221; custom_margin=&#8221;5%||||false|false&#8221; custom_padding=&#8221;||||false|false&#8221; title_font_size_tablet=&#8221;&#8221; title_font_size_phone=&#8221;26px&#8221; title_font_size_last_edited=&#8221;on|phone&#8221; global_colors_info=&#8221;{}&#8221;][\/et_pb_post_title][\/et_pb_column][\/et_pb_row][\/et_pb_section][et_pb_section fb_built=&#8221;1&#8243; _builder_version=&#8221;4.19.4&#8243; _module_preset=&#8221;default&#8221; global_colors_info=&#8221;{}&#8221;][et_pb_row _builder_version=&#8221;4.19.4&#8243; _module_preset=&#8221;default&#8221; global_colors_info=&#8221;{}&#8221;][et_pb_column type=&#8221;4_4&#8243; _builder_version=&#8221;4.19.4&#8243; _module_preset=&#8221;default&#8221; global_colors_info=&#8221;{}&#8221;][et_pb_contact_form captcha=&#8221;off&#8221; email=&#8221;info@six-sept.ch&#8221; custom_message=&#8221;Message venant de : %%Name%%||et_pb_line_break_holder||R\u00e9pondre \u00e0 l&#8217;adresse : %%Email%%||et_pb_line_break_holder||Message: %%Message%%&#8221; success_message=&#8221;Votre message \u00e0 bien \u00e9t\u00e9 transmis. Nous vous r\u00e9pondrons aussi vite que possible&#8221; _builder_version=&#8221;4.25.1&#8243; _module_preset=&#8221;default&#8221; _unique_id=&#8221;c57a3bc2-4d67-4f87-a19d-dd3a10943944&#8243; custom_button=&#8221;on&#8221; button_text_size=&#8221;18px&#8221; button_bg_color=&#8221;RGBA(255,255,255,0)&#8221; button_border_width=&#8221;1px&#8221; button_border_color=&#8221;#BACBD9&#8243; button_border_radius=&#8221;8px&#8221; button_icon_color=&#8221;#566B73&#8243; global_colors_info=&#8221;{}&#8221;][et_pb_contact_field field_id=&#8221;Name&#8221; field_title=&#8221;Nom&#8221; _builder_version=&#8221;4.19.4&#8243; form_field_background_color=&#8221;RGBA(255,255,255,0)&#8221; border_radii=&#8221;on|8px|8px|8px|8px&#8221; border_width_all=&#8221;1px&#8221; border_color_all=&#8221;#BACBD9&#8243; global_colors_info=&#8221;{}&#8221; button_text_size__hover_enabled=&#8221;off&#8221; button_one_text_size__hover_enabled=&#8221;off&#8221; button_two_text_size__hover_enabled=&#8221;off&#8221; button_text_color__hover_enabled=&#8221;off&#8221; button_one_text_color__hover_enabled=&#8221;off&#8221; button_two_text_color__hover_enabled=&#8221;off&#8221; button_border_width__hover_enabled=&#8221;off&#8221; button_one_border_width__hover_enabled=&#8221;off&#8221; button_two_border_width__hover_enabled=&#8221;off&#8221; button_border_color__hover_enabled=&#8221;off&#8221; button_one_border_color__hover_enabled=&#8221;off&#8221; button_two_border_color__hover_enabled=&#8221;off&#8221; button_border_radius__hover_enabled=&#8221;off&#8221; button_one_border_radius__hover_enabled=&#8221;off&#8221; button_two_border_radius__hover_enabled=&#8221;off&#8221; button_letter_spacing__hover_enabled=&#8221;off&#8221; button_one_letter_spacing__hover_enabled=&#8221;off&#8221; button_two_letter_spacing__hover_enabled=&#8221;off&#8221; button_bg_color__hover_enabled=&#8221;off&#8221; button_one_bg_color__hover_enabled=&#8221;off&#8221; button_two_bg_color__hover_enabled=&#8221;off&#8221;][\/et_pb_contact_field][et_pb_contact_field field_id=&#8221;Email&#8221; field_title=&#8221;Adresse e-mail&#8221; field_type=&#8221;email&#8221; _builder_version=&#8221;4.19.4&#8243; form_field_background_color=&#8221;RGBA(255,255,255,0)&#8221; border_radii=&#8221;on|8px|8px|8px|8px&#8221; border_width_all=&#8221;1px&#8221; border_color_all=&#8221;#BACBD9&#8243; global_colors_info=&#8221;{}&#8221; button_text_size__hover_enabled=&#8221;off&#8221; button_one_text_size__hover_enabled=&#8221;off&#8221; button_two_text_size__hover_enabled=&#8221;off&#8221; button_text_color__hover_enabled=&#8221;off&#8221; button_one_text_color__hover_enabled=&#8221;off&#8221; button_two_text_color__hover_enabled=&#8221;off&#8221; button_border_width__hover_enabled=&#8221;off&#8221; button_one_border_width__hover_enabled=&#8221;off&#8221; button_two_border_width__hover_enabled=&#8221;off&#8221; button_border_color__hover_enabled=&#8221;off&#8221; button_one_border_color__hover_enabled=&#8221;off&#8221; button_two_border_color__hover_enabled=&#8221;off&#8221; button_border_radius__hover_enabled=&#8221;off&#8221; button_one_border_radius__hover_enabled=&#8221;off&#8221; button_two_border_radius__hover_enabled=&#8221;off&#8221; button_letter_spacing__hover_enabled=&#8221;off&#8221; button_one_letter_spacing__hover_enabled=&#8221;off&#8221; button_two_letter_spacing__hover_enabled=&#8221;off&#8221; button_bg_color__hover_enabled=&#8221;off&#8221; button_one_bg_color__hover_enabled=&#8221;off&#8221; button_two_bg_color__hover_enabled=&#8221;off&#8221;][\/et_pb_contact_field][et_pb_contact_field field_id=&#8221;Message&#8221; field_title=&#8221;Message&#8221; field_type=&#8221;text&#8221; fullwidth_field=&#8221;on&#8221; _builder_version=&#8221;4.19.4&#8243; form_field_background_color=&#8221;RGBA(255,255,255,0)&#8221; border_radii=&#8221;on|8px|8px|8px|8px&#8221; border_width_all=&#8221;1px&#8221; border_color_all=&#8221;#BACBD9&#8243; global_colors_info=&#8221;{}&#8221; button_text_size__hover_enabled=&#8221;off&#8221; button_one_text_size__hover_enabled=&#8221;off&#8221; button_two_text_size__hover_enabled=&#8221;off&#8221; button_text_color__hover_enabled=&#8221;off&#8221; button_one_text_color__hover_enabled=&#8221;off&#8221; button_two_text_color__hover_enabled=&#8221;off&#8221; button_border_width__hover_enabled=&#8221;off&#8221; button_one_border_width__hover_enabled=&#8221;off&#8221; button_two_border_width__hover_enabled=&#8221;off&#8221; button_border_color__hover_enabled=&#8221;off&#8221; button_one_border_color__hover_enabled=&#8221;off&#8221; button_two_border_color__hover_enabled=&#8221;off&#8221; button_border_radius__hover_enabled=&#8221;off&#8221; button_one_border_radius__hover_enabled=&#8221;off&#8221; button_two_border_radius__hover_enabled=&#8221;off&#8221; button_letter_spacing__hover_enabled=&#8221;off&#8221; button_one_letter_spacing__hover_enabled=&#8221;off&#8221; button_two_letter_spacing__hover_enabled=&#8221;off&#8221; button_bg_color__hover_enabled=&#8221;off&#8221; button_one_bg_color__hover_enabled=&#8221;off&#8221; button_two_bg_color__hover_enabled=&#8221;off&#8221;][\/et_pb_contact_field][\/et_pb_contact_form][\/et_pb_column][\/et_pb_row][\/et_pb_section][et_pb_section fb_built=&#8221;1&#8243; _builder_version=&#8221;4.25.1&#8243; _module_preset=&#8221;default&#8221; custom_margin=&#8221;0px||0px||false|false&#8221; custom_padding=&#8221;0px||0px||false|false&#8221; global_colors_info=&#8221;{}&#8221;][et_pb_row _builder_version=&#8221;4.25.1&#8243; _module_preset=&#8221;default&#8221; global_colors_info=&#8221;{}&#8221;][et_pb_column type=&#8221;4_4&#8243; _builder_version=&#8221;4.25.1&#8243; _module_preset=&#8221;default&#8221; global_colors_info=&#8221;{}&#8221;][et_pb_text _builder_version=&#8221;4.25.1&#8243; _module_preset=&#8221;default&#8221; text_font_size=&#8221;28px&#8221; text_letter_spacing=&#8221;1px&#8221; header_font=&#8221;Baskervville||||||||&#8221; header_font_size=&#8221;28px&#8221; header_letter_spacing=&#8221;1px&#8221; width=&#8221;100%&#8221; custom_margin=&#8221;||||false|false&#8221; global_colors_info=&#8221;{}&#8221;]<\/p>\n<h1>FAQ<\/h1>\n<p>[\/et_pb_text][et_pb_toggle title=&#8221;Comment les lunettes Six-Sept Lunetier sont-elles fabriqu\u00e9es de mani\u00e8re durable ?&#8221; open_toggle_background_color=&#8221;RGBA(255,255,255,0)&#8221; closed_toggle_background_color=&#8221;RGBA(255,255,255,0)&#8221; _builder_version=&#8221;4.25.1&#8243; _module_preset=&#8221;default&#8221; title_font=&#8221;Baskervville||||||||&#8221; body_font=&#8221;Baskervville||||||||&#8221; border_radii=&#8221;on|5px|5px|5px|5px&#8221; border_color_all=&#8221;#BACBD9&#8243; global_colors_info=&#8221;{}&#8221;]<\/p>\n<p>Chez Six-Sept Lunetier, la durabilit\u00e9 est au c\u0153ur de notre processus de fabrication. Nous s\u00e9lectionnons soigneusement des mat\u00e9riaux naturels tels que le bois d\u2019\u00e9rable, de noyer et de ch\u00eane fum\u00e9, en veillant \u00e0 ce que nos pratiques de production respectent l\u2019environnement. Nos lunettes sont fabriqu\u00e9es \u00e0 la main en Suisse, avec un souci constant de minimiser les d\u00e9chets et d&#8217;optimiser l&#8217;utilisation des ressources. Nous privil\u00e9gions les essences de bois locales et nos processus de production sont con\u00e7us pour \u00eatre aussi \u00e9cologiques que possible. La long\u00e9vit\u00e9 et la durabilit\u00e9 de nos lunettes r\u00e9duisent la n\u00e9cessit\u00e9 de remplacements fr\u00e9quents, favorisant ainsi des pratiques de consommation durables.<\/p>\n<p>[\/et_pb_toggle][et_pb_toggle title=&#8221;Quels mat\u00e9riaux sont utilis\u00e9s dans la production des lunettes Six-Sept Lunetier ?&#8221; open_toggle_background_color=&#8221;RGBA(255,255,255,0)&#8221; closed_toggle_background_color=&#8221;RGBA(255,255,255,0)&#8221; _builder_version=&#8221;4.25.1&#8243; _module_preset=&#8221;default&#8221; title_font=&#8221;Baskervville||||||||&#8221; body_font=&#8221;Baskervville||||||||&#8221; border_radii=&#8221;on|5px|5px|5px|5px&#8221; border_color_all=&#8221;#BACBD9&#8243; global_colors_info=&#8221;{}&#8221;]<\/p>\n<p>Nous utilisons principalement du bois d\u2019\u00e9rable, de noyer et de ch\u00eane fum\u00e9, s\u00e9lectionn\u00e9s pour leurs propri\u00e9t\u00e9s esth\u00e9tiques et durables. Chaque type de bois est choisi pour sa texture unique et sa robustesse. Les branches des lunettes sont renforc\u00e9es par des manchons en corne, offrant une combinaison parfaite de confort et de durabilit\u00e9. Nous nous engageons \u00e0 utiliser des mat\u00e9riaux respectueux de l\u2019environnement et \u00e0 explorer continuellement des options plus durables pour nos produits.<\/p>\n<p>[\/et_pb_toggle][et_pb_toggle title=&#8221;Comment le processus de fabrication garantit-il la qualit\u00e9 et la durabilit\u00e9 des lunettes Six-Sept Lunetier ?&#8221; open_toggle_background_color=&#8221;RGBA(255,255,255,0)&#8221; closed_toggle_background_color=&#8221;RGBA(255,255,255,0)&#8221; _builder_version=&#8221;4.25.1&#8243; _module_preset=&#8221;default&#8221; title_font=&#8221;Baskervville||||||||&#8221; body_font=&#8221;Baskervville||||||||&#8221; border_radii=&#8221;on|5px|5px|5px|5px&#8221; border_color_all=&#8221;#BACBD9&#8243; global_colors_info=&#8221;{}&#8221;]<\/p>\n<p>Chaque paire de lunettes est fabriqu\u00e9e avec une attention minutieuse aux d\u00e9tails. Le bois est trait\u00e9 et assembl\u00e9 selon des techniques artisanales \u00e9prouv\u00e9es, et chaque \u00e9tape du processus est contr\u00f4l\u00e9e pour assurer une qualit\u00e9 sup\u00e9rieure. Nos montures passent par des tests rigoureux pour garantir leur durabilit\u00e9 et leur r\u00e9sistance \u00e0 l&#8217;usure quotidienne. De plus, nos lunettes sont con\u00e7ues pour \u00eatre r\u00e9parables, prolongeant ainsi leur dur\u00e9e de vie et r\u00e9duisant leur impact environnemental.<\/p>\n<p>[\/et_pb_toggle][et_pb_toggle title=&#8221;Quels sont les conseils d&#8217;entretien pour les lunettes en bois Six-Sept Lunetier ?&#8221; open_toggle_background_color=&#8221;RGBA(255,255,255,0)&#8221; closed_toggle_background_color=&#8221;RGBA(255,255,255,0)&#8221; _builder_version=&#8221;4.25.1&#8243; _module_preset=&#8221;default&#8221; title_font=&#8221;Baskervville||||||||&#8221; body_font=&#8221;Baskervville||||||||&#8221; border_radii=&#8221;on|5px|5px|5px|5px&#8221; border_color_all=&#8221;#BACBD9&#8243; global_colors_info=&#8221;{}&#8221;]<\/p>\n<p>Pour assurer la long\u00e9vit\u00e9 de vos lunettes en bois, nous recommandons de les nettoyer avec un chiffon doux et sec. \u00c9vitez l&#8217;exposition prolong\u00e9e \u00e0 l&#8217;eau et \u00e0 l&#8217;humidit\u00e9 excessive. En cas de contact avec des liquides, essuyez rapidement vos lunettes avec un chiffon doux. Un polish occasionnel des branches en corne peut aider \u00e0 maintenir leur brillance et leur aspect neuf. Si vos lunettes n\u00e9cessitent une r\u00e9paration ou un entretien particulier, n\u2019h\u00e9sitez pas \u00e0 nous contacter directement ou en passant par votre opticien pour obtenir des conseils personnalis\u00e9s.<\/p>\n<p>[\/et_pb_toggle][et_pb_toggle title=&#8221;Quelle est la provenance du bois utilis\u00e9 pour les lunettes Six-Sept Lunetier ?&#8221; open_toggle_background_color=&#8221;RGBA(255,255,255,0)&#8221; closed_toggle_background_color=&#8221;RGBA(255,255,255,0)&#8221; _builder_version=&#8221;4.25.1&#8243; _module_preset=&#8221;default&#8221; title_font=&#8221;Baskervville||||||||&#8221; body_font=&#8221;Baskervville||||||||&#8221; border_radii=&#8221;on|5px|5px|5px|5px&#8221; border_color_all=&#8221;#BACBD9&#8243; global_colors_info=&#8221;{}&#8221;]<\/p>\n<p>Nous utilisons du bois d\u2019\u00e9rable, de noyer et de ch\u00eane fum\u00e9, principalement issu de for\u00eats g\u00e9r\u00e9es de mani\u00e8re durable. Nous privil\u00e9gions les essences locales pour r\u00e9duire notre empreinte carbone et soutenir les pratiques foresti\u00e8res responsables.<\/p>\n<p>[\/et_pb_toggle][et_pb_toggle title=&#8221;Quels conseils pouvez-vous donner pour l\u2019ajustement des lunettes en bois ?&#8221; open_toggle_background_color=&#8221;RGBA(255,255,255,0)&#8221; closed_toggle_background_color=&#8221;RGBA(255,255,255,0)&#8221; _builder_version=&#8221;4.25.1&#8243; _module_preset=&#8221;default&#8221; title_font=&#8221;Baskervville||||||||&#8221; body_font=&#8221;Baskervville||||||||&#8221; border_radii=&#8221;on|5px|5px|5px|5px&#8221; border_color_all=&#8221;#BACBD9&#8243; global_colors_info=&#8221;{}&#8221;]<\/p>\n<p>Nous recommandons d\u2019ajuster les lunettes avec soin, en utilisant des outils appropri\u00e9s pour \u00e9viter d\u2019endommager le bois. Les manchons en corne peuvent \u00eatre ajust\u00e9s \u00e0 la chaleur pour un ajustement optimal. Pour toute question ou assistance, nous sommes disponibles par t\u00e9l\u00e9phone ou email, et nous pouvons \u00e9galement nous d\u00e9placer pour des consultations sur place.<\/p>\n<p>[\/et_pb_toggle][et_pb_toggle title=&#8221;Est-ce qu&#8217;un traitement du bois est n\u00e9cessaire ?&#8221; open_toggle_background_color=&#8221;RGBA(255,255,255,0)&#8221; closed_toggle_background_color=&#8221;RGBA(255,255,255,0)&#8221; _builder_version=&#8221;4.25.1&#8243; _module_preset=&#8221;default&#8221; title_font=&#8221;Baskervville||||||||&#8221; body_font=&#8221;Baskervville||||||||&#8221; border_radii=&#8221;on|5px|5px|5px|5px&#8221; border_color_all=&#8221;#BACBD9&#8243; global_colors_info=&#8221;{}&#8221;]<\/p>\n<p>Normalement, le vernis n\u2019a pas besoin de traitement suppl\u00e9mentaire. Toutefois, apr\u00e8s une chute ou si la monture est endommag\u00e9e et doit \u00eatre r\u00e9par\u00e9e, nous pouvons effectuer une retouche du vernis si n\u00e9cessaire. Concernant les branches en corne, il peut \u00eatre b\u00e9n\u00e9fique de les polir de temps en temps pour maintenir leur brillance et nourrir la corne selon le besoin du client.<\/p>\n<p>[\/et_pb_toggle][et_pb_button button_url=&#8221;https:\/\/six-sept.ch\/devenir-un-point-de-vente\/&#8221; button_text=&#8221;Je souhaite devenir partenaire&#8221; button_alignment=&#8221;center&#8221; _builder_version=&#8221;4.25.1&#8243; _module_preset=&#8221;default&#8221; button_text_color=&#8221;#000000&#8243; button_bg_color=&#8221;RGBA(255,255,255,0)&#8221; button_border_color=&#8221;#566B73&#8243; button_font=&#8221;Baskervville|&#8211;et_global_heading_font_weight||on|||||&#8221; hover_enabled=&#8221;0&#8243; global_colors_info=&#8221;{}&#8221; button_text_color__hover_enabled=&#8221;on|desktop&#8221; button_border_color__hover=&#8221;#566B73&#8243; button_text_color__hover=&#8221;#566B73&#8243; theme_builder_area=&#8221;post_content&#8221; sticky_enabled=&#8221;0&#8243;][\/et_pb_button][\/et_pb_column][\/et_pb_row][\/et_pb_section][et_pb_section fb_built=&#8221;1&#8243; admin_label=&#8221;section&#8221; _builder_version=&#8221;4.16&#8243; transparent_background=&#8221;off&#8221; make_fullwidth=&#8221;off&#8221; use_custom_width=&#8221;off&#8221; width_unit=&#8221;off&#8221; custom_width_px=&#8221;1080px&#8221; custom_width_percent=&#8221;80%&#8221; global_colors_info=&#8221;{}&#8221;][et_pb_row column_structure=&#8221;1_2,1_2&#8243; use_custom_gutter=&#8221;on&#8221; gutter_width=&#8221;2&#8243; custom_padding_last_edited=&#8221;on|tablet&#8221; admin_label=&#8221;row&#8221; _builder_version=&#8221;4.16&#8243; background_size=&#8221;initial&#8221; background_position=&#8221;top_left&#8221; background_repeat=&#8221;repeat&#8221; custom_padding=&#8221;30px|0px|30px|0px&#8221; custom_padding_tablet=&#8221;10px||40px|&#8221; custom_padding_phone=&#8221;&#8221; make_fullwidth=&#8221;off&#8221; use_custom_width=&#8221;off&#8221; width_unit=&#8221;off&#8221; custom_width_px=&#8221;1080px&#8221; custom_width_percent=&#8221;80%&#8221; global_colors_info=&#8221;{}&#8221;][et_pb_column type=&#8221;1_2&#8243; _builder_version=&#8221;4.16&#8243; custom_padding=&#8221;|||&#8221; global_colors_info=&#8221;{}&#8221; custom_padding__hover=&#8221;|||&#8221;][et_pb_text admin_label=&#8221;Text&#8221; _builder_version=&#8221;4.19.5&#8243; text_font=&#8221;||||||||&#8221; text_font_size=&#8221;16px&#8221; text_line_height=&#8221;1.2em&#8221; background_size=&#8221;initial&#8221; background_position=&#8221;top_left&#8221; background_repeat=&#8221;repeat&#8221; width=&#8221;100%&#8221; custom_margin=&#8221;0px||||false|false&#8221; custom_margin_tablet=&#8221;10px|||&#8221; custom_margin_last_edited=&#8221;off|desktop&#8221; use_border_color=&#8221;off&#8221; border_style=&#8221;solid&#8221; global_colors_info=&#8221;{}&#8221;]<\/p>\n<p>Horaire :<\/p>\n<p>Lu-Ve :<span style=\"font-size: 16px;\">8h00 &#8211; 12h00\u00a0 \u00a013h00 &#8211; 16h00<\/span><\/p>\n<p>[\/et_pb_text][\/et_pb_column][et_pb_column type=&#8221;1_2&#8243; _builder_version=&#8221;4.16&#8243; custom_padding=&#8221;|||&#8221; global_colors_info=&#8221;{}&#8221; custom_padding__hover=&#8221;|||&#8221;][et_pb_text admin_label=&#8221;Text&#8221; _builder_version=&#8221;4.19.5&#8243; text_font=&#8221;||||||||&#8221; text_font_size=&#8221;16px&#8221; text_line_height=&#8221;1em&#8221; background_size=&#8221;initial&#8221; background_position=&#8221;top_left&#8221; background_repeat=&#8221;repeat&#8221; width=&#8221;100%&#8221; custom_margin=&#8221;|||&#8221; custom_margin_tablet=&#8221;10px|||&#8221; custom_margin_phone=&#8221;&#8221; custom_margin_last_edited=&#8221;on|phone&#8221; use_border_color=&#8221;off&#8221; border_style=&#8221;solid&#8221; global_colors_info=&#8221;{}&#8221;]<\/p>\n<p>T\u00e9l\u00e9phone :<\/p>\n<p>+41 78 728 13 34<\/p>\n<p>[\/et_pb_text][\/et_pb_column][\/et_pb_row][\/et_pb_section]<\/p>\n","protected":false},"excerpt":{"rendered":"<p>FAQChez Six-Sept Lunetier, la durabilit\u00e9 est au c\u0153ur de notre processus de fabrication. Nous s\u00e9lectionnons soigneusement des mat\u00e9riaux naturels tels que le bois d\u2019\u00e9rable, de noyer et de ch\u00eane fum\u00e9, en veillant \u00e0 ce que nos pratiques de production respectent l\u2019environnement. Nos lunettes sont fabriqu\u00e9es \u00e0 la main en Suisse, avec un souci constant de [&hellip;]<\/p>\n","protected":false},"author":1,"featured_media":0,"parent":0,"menu_order":0,"comment_status":"closed","ping_status":"closed","template":"","meta":{"_et_pb_use_builder":"on","_et_pb_old_content":"","_et_gb_content_width":"","footnotes":""},"class_list":["post-30746","page","type-page","status-publish","hentry"],"yoast_head":"<!-- This site is optimized with the Yoast SEO plugin v27.3 - https:\/\/yoast.com\/product\/yoast-seo-wordpress\/ -->\n<title>Contact - Six-Sept<\/title>\n<meta name=\"robots\" content=\"index, follow, max-snippet:-1, max-image-preview:large, max-video-preview:-1\" \/>\n<link rel=\"canonical\" href=\"https:\/\/six-sept.ch\/en\/contact\/\" \/>\n<meta property=\"og:locale\" content=\"en_US\" \/>\n<meta property=\"og:type\" content=\"article\" \/>\n<meta property=\"og:title\" content=\"Contact - Six-Sept\" \/>\n<meta property=\"og:description\" content=\"FAQChez Six-Sept Lunetier, la durabilit\u00e9 est au c\u0153ur de notre processus de fabrication. Nous s\u00e9lectionnons soigneusement des mat\u00e9riaux naturels tels que le bois d\u2019\u00e9rable, de noyer et de ch\u00eane fum\u00e9, en veillant \u00e0 ce que nos pratiques de production respectent l\u2019environnement. Nos lunettes sont fabriqu\u00e9es \u00e0 la main en Suisse, avec un souci constant de [&hellip;]\" \/>\n<meta property=\"og:url\" content=\"https:\/\/six-sept.ch\/en\/contact\/\" \/>\n<meta property=\"og:site_name\" content=\"Six-Sept\" \/>\n<meta property=\"article:modified_time\" content=\"2024-09-10T09:02:10+00:00\" \/>\n<meta name=\"twitter:card\" content=\"summary_large_image\" \/>\n<meta name=\"twitter:label1\" content=\"Est. reading time\" \/>\n\t<meta name=\"twitter:data1\" content=\"11 minutes\" \/>\n<script type=\"application\/ld+json\" class=\"yoast-schema-graph\">{\"@context\":\"https:\\\/\\\/schema.org\",\"@graph\":[{\"@type\":\"WebPage\",\"@id\":\"https:\\\/\\\/six-sept.ch\\\/en\\\/contact\\\/\",\"url\":\"https:\\\/\\\/six-sept.ch\\\/en\\\/contact\\\/\",\"name\":\"Contact - Six-Sept\",\"isPartOf\":{\"@id\":\"https:\\\/\\\/six-sept.ch\\\/en\\\/#website\"},\"datePublished\":\"2017-02-16T08:17:12+00:00\",\"dateModified\":\"2024-09-10T09:02:10+00:00\",\"inLanguage\":\"en-US\",\"potentialAction\":[{\"@type\":\"ReadAction\",\"target\":[\"https:\\\/\\\/six-sept.ch\\\/en\\\/contact\\\/\"]}]},{\"@type\":\"WebSite\",\"@id\":\"https:\\\/\\\/six-sept.ch\\\/en\\\/#website\",\"url\":\"https:\\\/\\\/six-sept.ch\\\/en\\\/\",\"name\":\"Six-Sept\",\"description\":\"Lunettes suisse en bois\",\"publisher\":{\"@id\":\"https:\\\/\\\/six-sept.ch\\\/en\\\/#organization\"},\"potentialAction\":[{\"@type\":\"SearchAction\",\"target\":{\"@type\":\"EntryPoint\",\"urlTemplate\":\"https:\\\/\\\/six-sept.ch\\\/en\\\/?s={search_term_string}\"},\"query-input\":{\"@type\":\"PropertyValueSpecification\",\"valueRequired\":true,\"valueName\":\"search_term_string\"}}],\"inLanguage\":\"en-US\"},{\"@type\":\"Organization\",\"@id\":\"https:\\\/\\\/six-sept.ch\\\/en\\\/#organization\",\"name\":\"Six-Sept\",\"url\":\"https:\\\/\\\/six-sept.ch\\\/en\\\/\",\"logo\":{\"@type\":\"ImageObject\",\"inLanguage\":\"en-US\",\"@id\":\"https:\\\/\\\/six-sept.ch\\\/en\\\/#\\\/schema\\\/logo\\\/image\\\/\",\"url\":\"https:\\\/\\\/six-sept.ch\\\/wp-content\\\/uploads\\\/2022\\\/10\\\/Six-Sept-logo-text-1-1.png\",\"contentUrl\":\"https:\\\/\\\/six-sept.ch\\\/wp-content\\\/uploads\\\/2022\\\/10\\\/Six-Sept-logo-text-1-1.png\",\"width\":1200,\"height\":800,\"caption\":\"Six-Sept\"},\"image\":{\"@id\":\"https:\\\/\\\/six-sept.ch\\\/en\\\/#\\\/schema\\\/logo\\\/image\\\/\"}}]}<\/script>\n<!-- \/ Yoast SEO plugin. -->","yoast_head_json":{"title":"Contact - Six-Sept","robots":{"index":"index","follow":"follow","max-snippet":"max-snippet:-1","max-image-preview":"max-image-preview:large","max-video-preview":"max-video-preview:-1"},"canonical":"https:\/\/six-sept.ch\/en\/contact\/","og_locale":"en_US","og_type":"article","og_title":"Contact - Six-Sept","og_description":"FAQChez Six-Sept Lunetier, la durabilit\u00e9 est au c\u0153ur de notre processus de fabrication. Nous s\u00e9lectionnons soigneusement des mat\u00e9riaux naturels tels que le bois d\u2019\u00e9rable, de noyer et de ch\u00eane fum\u00e9, en veillant \u00e0 ce que nos pratiques de production respectent l\u2019environnement. Nos lunettes sont fabriqu\u00e9es \u00e0 la main en Suisse, avec un souci constant de [&hellip;]","og_url":"https:\/\/six-sept.ch\/en\/contact\/","og_site_name":"Six-Sept","article_modified_time":"2024-09-10T09:02:10+00:00","twitter_card":"summary_large_image","twitter_misc":{"Est. reading time":"11 minutes"},"schema":{"@context":"https:\/\/schema.org","@graph":[{"@type":"WebPage","@id":"https:\/\/six-sept.ch\/en\/contact\/","url":"https:\/\/six-sept.ch\/en\/contact\/","name":"Contact - Six-Sept","isPartOf":{"@id":"https:\/\/six-sept.ch\/en\/#website"},"datePublished":"2017-02-16T08:17:12+00:00","dateModified":"2024-09-10T09:02:10+00:00","inLanguage":"en-US","potentialAction":[{"@type":"ReadAction","target":["https:\/\/six-sept.ch\/en\/contact\/"]}]},{"@type":"WebSite","@id":"https:\/\/six-sept.ch\/en\/#website","url":"https:\/\/six-sept.ch\/en\/","name":"Six-Sept","description":"Lunettes suisse en bois","publisher":{"@id":"https:\/\/six-sept.ch\/en\/#organization"},"potentialAction":[{"@type":"SearchAction","target":{"@type":"EntryPoint","urlTemplate":"https:\/\/six-sept.ch\/en\/?s={search_term_string}"},"query-input":{"@type":"PropertyValueSpecification","valueRequired":true,"valueName":"search_term_string"}}],"inLanguage":"en-US"},{"@type":"Organization","@id":"https:\/\/six-sept.ch\/en\/#organization","name":"Six-Sept","url":"https:\/\/six-sept.ch\/en\/","logo":{"@type":"ImageObject","inLanguage":"en-US","@id":"https:\/\/six-sept.ch\/en\/#\/schema\/logo\/image\/","url":"https:\/\/six-sept.ch\/wp-content\/uploads\/2022\/10\/Six-Sept-logo-text-1-1.png","contentUrl":"https:\/\/six-sept.ch\/wp-content\/uploads\/2022\/10\/Six-Sept-logo-text-1-1.png","width":1200,"height":800,"caption":"Six-Sept"},"image":{"@id":"https:\/\/six-sept.ch\/en\/#\/schema\/logo\/image\/"}}]}},"jetpack-related-posts":[],"jetpack_sharing_enabled":true,"_links":{"self":[{"href":"https:\/\/six-sept.ch\/en\/wp-json\/wp\/v2\/pages\/30746","targetHints":{"allow":["GET"]}}],"collection":[{"href":"https:\/\/six-sept.ch\/en\/wp-json\/wp\/v2\/pages"}],"about":[{"href":"https:\/\/six-sept.ch\/en\/wp-json\/wp\/v2\/types\/page"}],"author":[{"embeddable":true,"href":"https:\/\/six-sept.ch\/en\/wp-json\/wp\/v2\/users\/1"}],"replies":[{"embeddable":true,"href":"https:\/\/six-sept.ch\/en\/wp-json\/wp\/v2\/comments?post=30746"}],"version-history":[{"count":1,"href":"https:\/\/six-sept.ch\/en\/wp-json\/wp\/v2\/pages\/30746\/revisions"}],"predecessor-version":[{"id":30751,"href":"https:\/\/six-sept.ch\/en\/wp-json\/wp\/v2\/pages\/30746\/revisions\/30751"}],"wp:attachment":[{"href":"https:\/\/six-sept.ch\/en\/wp-json\/wp\/v2\/media?parent=30746"}],"curies":[{"name":"wp","href":"https:\/\/api.w.org\/{rel}","templated":true}]}}