{"id":30813,"date":"2024-05-13T16:55:14","date_gmt":"2024-05-13T14:55:14","guid":{"rendered":"https:\/\/six-sept.ch\/produit\/ci\/"},"modified":"2024-05-13T16:55:14","modified_gmt":"2024-05-13T14:55:14","slug":"ci","status":"publish","type":"product","link":"https:\/\/six-sept.ch\/de\/produit\/ci\/","title":{"rendered":"CI"},"content":{"rendered":"<p>Entdecken Sie die nat\u00fcrliche Eleganz des Modells CI, eine perfekte Verschmelzung von Schweizer Handwerkskunst und zeitgen\u00f6ssischer Innovation.<br \/>\nSorgf\u00e4ltig in den Freiburger Voralpen gefertigt, verk\u00f6rpert dieses Modell die harmonische Verbindung von Walnuss- und Ahornholz, die einen starken Kontrast und ein unvergleichliches Gef\u00fchl von Luxus bietet.<br \/>\nMit seinem leichten und robusten Rahmen bietet dieses Modell den ganzen Tag \u00fcber einen optimalen Tragekomfort, w\u00e4hrend die hochwertigen Gl\u00e4ser eine klare und scharfe Sicht garantieren.<br \/>\nDefinieren Sie Ihren Stil neu mit dem Modell CI, ein Kunstwerk, das Sie auf Ihrer Nase tragen k\u00f6nnen.   <\/p>\n","protected":false},"excerpt":{"rendered":"<p>Tauchen Sie mit unserem Modell CI in die nat\u00fcrliche Raffinesse ein.<br \/>\nDiese leichte Fassung wurde in der Schweiz aus Walnuss- und Ahornholz handgefertigt und bietet einen unvergleichlichen Komfort und zeitlosen Stil. <\/p>\n","protected":false},"featured_media":30550,"template":"","meta":{"_et_pb_use_builder":"on","_et_pb_old_content":"Entdecken Sie die nat\u00fcrliche Eleganz des Modells CI, eine perfekte Verschmelzung von Schweizer Handwerkskunst und zeitgen\u00f6ssischer Innovation.\nSorgf\u00e4ltig in den Freiburger Voralpen gefertigt, verk\u00f6rpert dieses Modell die harmonische Verbindung von Walnuss- und Ahornholz, die einen starken Kontrast und ein unvergleichliches Gef\u00fchl von Luxus bietet.\nMit seinem leichten und robusten Rahmen bietet dieses Modell den ganzen Tag \u00fcber einen optimalen Tragekomfort, w\u00e4hrend die hochwertigen Gl\u00e4ser eine klare und scharfe Sicht garantieren.\nDefinieren Sie Ihren Stil neu mit dem Modell CI, ein Kunstwerk, das Sie auf Ihrer Nase tragen k\u00f6nnen.   ","_et_gb_content_width":""},"product_brand":[],"product_cat":[126,129,127,128],"product_tag":[],"class_list":{"0":"post-30813","1":"product","2":"type-product","3":"status-publish","4":"has-post-thumbnail","6":"product_cat-brillen","7":"product_cat-optische-brille-nussbaum","8":"product_cat-optische-brillen","9":"product_cat-optische-brillen-aus-geraucherter-eiche","11":"first","12":"instock","13":"shipping-taxable","14":"purchasable","15":"product-type-variable"},"yoast_head":"<!-- This site is optimized with the Yoast SEO plugin v27.3 - https:\/\/yoast.com\/product\/yoast-seo-wordpress\/ -->\n<title>CI - Six-Sept<\/title>\n<meta name=\"description\" content=\"Tauchen Sie mit unserem optischen Modell CI in die nat\u00fcrliche Raffinesse ein. Diese leichte Fassung wurde in der Schweiz aus Walnuss- und Ahornholz handgefertigt und bietet einen unvergleichlichen Komfort und zeitlosen Stil.\" \/>\n<meta name=\"robots\" content=\"index, follow, max-snippet:-1, max-image-preview:large, max-video-preview:-1\" \/>\n<link rel=\"canonical\" href=\"https:\/\/six-sept.ch\/de\/produit\/ci\/\" \/>\n<meta property=\"og:locale\" content=\"de_DE\" \/>\n<meta property=\"og:type\" content=\"article\" \/>\n<meta property=\"og:title\" content=\"CI - Six-Sept\" \/>\n<meta property=\"og:description\" content=\"Tauchen Sie mit unserem optischen Modell CI in die nat\u00fcrliche Raffinesse ein. Diese leichte Fassung wurde in der Schweiz aus Walnuss- und Ahornholz handgefertigt und bietet einen unvergleichlichen Komfort und zeitlosen Stil.\" \/>\n<meta property=\"og:url\" content=\"https:\/\/six-sept.ch\/de\/produit\/ci\/\" \/>\n<meta property=\"og:site_name\" content=\"Six-Sept\" \/>\n<meta property=\"og:image\" content=\"https:\/\/i0.wp.com\/six-sept.ch\/wp-content\/uploads\/2024\/05\/IMG_9566-scaled.webp?fit=2560%2C1440&ssl=1\" \/>\n\t<meta property=\"og:image:width\" content=\"2560\" \/>\n\t<meta property=\"og:image:height\" content=\"1440\" \/>\n\t<meta property=\"og:image:type\" content=\"image\/jpeg\" \/>\n<meta name=\"twitter:card\" content=\"summary_large_image\" \/>\n<script type=\"application\/ld+json\" class=\"yoast-schema-graph\">{\"@context\":\"https:\\\/\\\/schema.org\",\"@graph\":[{\"@type\":\"WebPage\",\"@id\":\"https:\\\/\\\/six-sept.ch\\\/de\\\/produit\\\/ci\\\/\",\"url\":\"https:\\\/\\\/six-sept.ch\\\/de\\\/produit\\\/ci\\\/\",\"name\":\"CI - Six-Sept\",\"isPartOf\":{\"@id\":\"https:\\\/\\\/six-sept.ch\\\/de\\\/#website\"},\"primaryImageOfPage\":{\"@id\":\"https:\\\/\\\/six-sept.ch\\\/de\\\/produit\\\/ci\\\/#primaryimage\"},\"image\":{\"@id\":\"https:\\\/\\\/six-sept.ch\\\/de\\\/produit\\\/ci\\\/#primaryimage\"},\"thumbnailUrl\":\"https:\\\/\\\/i0.wp.com\\\/six-sept.ch\\\/wp-content\\\/uploads\\\/2024\\\/05\\\/IMG_9566-scaled.webp?fit=2560%2C1440&ssl=1\",\"datePublished\":\"2024-05-13T14:55:14+00:00\",\"description\":\"Tauchen Sie mit unserem optischen Modell CI in die nat\u00fcrliche Raffinesse ein. Diese leichte Fassung wurde in der Schweiz aus Walnuss- und Ahornholz handgefertigt und bietet einen unvergleichlichen Komfort und zeitlosen Stil.\",\"breadcrumb\":{\"@id\":\"https:\\\/\\\/six-sept.ch\\\/de\\\/produit\\\/ci\\\/#breadcrumb\"},\"inLanguage\":\"de\",\"potentialAction\":[{\"@type\":\"ReadAction\",\"target\":[\"https:\\\/\\\/six-sept.ch\\\/de\\\/produit\\\/ci\\\/\"]}]},{\"@type\":\"ImageObject\",\"inLanguage\":\"de\",\"@id\":\"https:\\\/\\\/six-sept.ch\\\/de\\\/produit\\\/ci\\\/#primaryimage\",\"url\":\"https:\\\/\\\/i0.wp.com\\\/six-sept.ch\\\/wp-content\\\/uploads\\\/2024\\\/05\\\/IMG_9566-scaled.webp?fit=2560%2C1440&ssl=1\",\"contentUrl\":\"https:\\\/\\\/i0.wp.com\\\/six-sept.ch\\\/wp-content\\\/uploads\\\/2024\\\/05\\\/IMG_9566-scaled.webp?fit=2560%2C1440&ssl=1\",\"width\":2560,\"height\":1440},{\"@type\":\"BreadcrumbList\",\"@id\":\"https:\\\/\\\/six-sept.ch\\\/de\\\/produit\\\/ci\\\/#breadcrumb\",\"itemListElement\":[{\"@type\":\"ListItem\",\"position\":1,\"name\":\"Collection\",\"item\":\"https:\\\/\\\/six-sept.ch\\\/collection\\\/\"},{\"@type\":\"ListItem\",\"position\":2,\"name\":\"CI\"}]},{\"@type\":\"WebSite\",\"@id\":\"https:\\\/\\\/six-sept.ch\\\/de\\\/#website\",\"url\":\"https:\\\/\\\/six-sept.ch\\\/de\\\/\",\"name\":\"Six-Sept\",\"description\":\"Lunettes suisse en bois\",\"publisher\":{\"@id\":\"https:\\\/\\\/six-sept.ch\\\/de\\\/#organization\"},\"potentialAction\":[{\"@type\":\"SearchAction\",\"target\":{\"@type\":\"EntryPoint\",\"urlTemplate\":\"https:\\\/\\\/six-sept.ch\\\/de\\\/?s={search_term_string}\"},\"query-input\":{\"@type\":\"PropertyValueSpecification\",\"valueRequired\":true,\"valueName\":\"search_term_string\"}}],\"inLanguage\":\"de\"},{\"@type\":\"Organization\",\"@id\":\"https:\\\/\\\/six-sept.ch\\\/de\\\/#organization\",\"name\":\"Six-Sept\",\"url\":\"https:\\\/\\\/six-sept.ch\\\/de\\\/\",\"logo\":{\"@type\":\"ImageObject\",\"inLanguage\":\"de\",\"@id\":\"https:\\\/\\\/six-sept.ch\\\/de\\\/#\\\/schema\\\/logo\\\/image\\\/\",\"url\":\"https:\\\/\\\/six-sept.ch\\\/wp-content\\\/uploads\\\/2022\\\/10\\\/Six-Sept-logo-text-1-1.png\",\"contentUrl\":\"https:\\\/\\\/six-sept.ch\\\/wp-content\\\/uploads\\\/2022\\\/10\\\/Six-Sept-logo-text-1-1.png\",\"width\":1200,\"height\":800,\"caption\":\"Six-Sept\"},\"image\":{\"@id\":\"https:\\\/\\\/six-sept.ch\\\/de\\\/#\\\/schema\\\/logo\\\/image\\\/\"}}]}<\/script>\n<!-- \/ Yoast SEO plugin. -->","yoast_head_json":{"title":"CI - Six-Sept","description":"Tauchen Sie mit unserem optischen Modell CI in die nat\u00fcrliche Raffinesse ein. Diese leichte Fassung wurde in der Schweiz aus Walnuss- und Ahornholz handgefertigt und bietet einen unvergleichlichen Komfort und zeitlosen Stil.","robots":{"index":"index","follow":"follow","max-snippet":"max-snippet:-1","max-image-preview":"max-image-preview:large","max-video-preview":"max-video-preview:-1"},"canonical":"https:\/\/six-sept.ch\/de\/produit\/ci\/","og_locale":"de_DE","og_type":"article","og_title":"CI - Six-Sept","og_description":"Tauchen Sie mit unserem optischen Modell CI in die nat\u00fcrliche Raffinesse ein. Diese leichte Fassung wurde in der Schweiz aus Walnuss- und Ahornholz handgefertigt und bietet einen unvergleichlichen Komfort und zeitlosen Stil.","og_url":"https:\/\/six-sept.ch\/de\/produit\/ci\/","og_site_name":"Six-Sept","og_image":[{"width":2560,"height":1440,"url":"https:\/\/i0.wp.com\/six-sept.ch\/wp-content\/uploads\/2024\/05\/IMG_9566-scaled.webp?fit=2560%2C1440&ssl=1","type":"image\/jpeg"}],"twitter_card":"summary_large_image","schema":{"@context":"https:\/\/schema.org","@graph":[{"@type":"WebPage","@id":"https:\/\/six-sept.ch\/de\/produit\/ci\/","url":"https:\/\/six-sept.ch\/de\/produit\/ci\/","name":"CI - Six-Sept","isPartOf":{"@id":"https:\/\/six-sept.ch\/de\/#website"},"primaryImageOfPage":{"@id":"https:\/\/six-sept.ch\/de\/produit\/ci\/#primaryimage"},"image":{"@id":"https:\/\/six-sept.ch\/de\/produit\/ci\/#primaryimage"},"thumbnailUrl":"https:\/\/i0.wp.com\/six-sept.ch\/wp-content\/uploads\/2024\/05\/IMG_9566-scaled.webp?fit=2560%2C1440&ssl=1","datePublished":"2024-05-13T14:55:14+00:00","description":"Tauchen Sie mit unserem optischen Modell CI in die nat\u00fcrliche Raffinesse ein. Diese leichte Fassung wurde in der Schweiz aus Walnuss- und Ahornholz handgefertigt und bietet einen unvergleichlichen Komfort und zeitlosen Stil.","breadcrumb":{"@id":"https:\/\/six-sept.ch\/de\/produit\/ci\/#breadcrumb"},"inLanguage":"de","potentialAction":[{"@type":"ReadAction","target":["https:\/\/six-sept.ch\/de\/produit\/ci\/"]}]},{"@type":"ImageObject","inLanguage":"de","@id":"https:\/\/six-sept.ch\/de\/produit\/ci\/#primaryimage","url":"https:\/\/i0.wp.com\/six-sept.ch\/wp-content\/uploads\/2024\/05\/IMG_9566-scaled.webp?fit=2560%2C1440&ssl=1","contentUrl":"https:\/\/i0.wp.com\/six-sept.ch\/wp-content\/uploads\/2024\/05\/IMG_9566-scaled.webp?fit=2560%2C1440&ssl=1","width":2560,"height":1440},{"@type":"BreadcrumbList","@id":"https:\/\/six-sept.ch\/de\/produit\/ci\/#breadcrumb","itemListElement":[{"@type":"ListItem","position":1,"name":"Collection","item":"https:\/\/six-sept.ch\/collection\/"},{"@type":"ListItem","position":2,"name":"CI"}]},{"@type":"WebSite","@id":"https:\/\/six-sept.ch\/de\/#website","url":"https:\/\/six-sept.ch\/de\/","name":"Six-Sept","description":"Lunettes suisse en bois","publisher":{"@id":"https:\/\/six-sept.ch\/de\/#organization"},"potentialAction":[{"@type":"SearchAction","target":{"@type":"EntryPoint","urlTemplate":"https:\/\/six-sept.ch\/de\/?s={search_term_string}"},"query-input":{"@type":"PropertyValueSpecification","valueRequired":true,"valueName":"search_term_string"}}],"inLanguage":"de"},{"@type":"Organization","@id":"https:\/\/six-sept.ch\/de\/#organization","name":"Six-Sept","url":"https:\/\/six-sept.ch\/de\/","logo":{"@type":"ImageObject","inLanguage":"de","@id":"https:\/\/six-sept.ch\/de\/#\/schema\/logo\/image\/","url":"https:\/\/six-sept.ch\/wp-content\/uploads\/2022\/10\/Six-Sept-logo-text-1-1.png","contentUrl":"https:\/\/six-sept.ch\/wp-content\/uploads\/2022\/10\/Six-Sept-logo-text-1-1.png","width":1200,"height":800,"caption":"Six-Sept"},"image":{"@id":"https:\/\/six-sept.ch\/de\/#\/schema\/logo\/image\/"}}]}},"jetpack-related-posts":[],"jetpack_sharing_enabled":true,"_links":{"self":[{"href":"https:\/\/six-sept.ch\/de\/wp-json\/wp\/v2\/product\/30813","targetHints":{"allow":["GET"]}}],"collection":[{"href":"https:\/\/six-sept.ch\/de\/wp-json\/wp\/v2\/product"}],"about":[{"href":"https:\/\/six-sept.ch\/de\/wp-json\/wp\/v2\/types\/product"}],"wp:featuredmedia":[{"embeddable":true,"href":"https:\/\/six-sept.ch\/de\/wp-json\/wp\/v2\/media\/30550"}],"wp:attachment":[{"href":"https:\/\/six-sept.ch\/de\/wp-json\/wp\/v2\/media?parent=30813"}],"wp:term":[{"taxonomy":"product_brand","embeddable":true,"href":"https:\/\/six-sept.ch\/de\/wp-json\/wp\/v2\/product_brand?post=30813"},{"taxonomy":"product_cat","embeddable":true,"href":"https:\/\/six-sept.ch\/de\/wp-json\/wp\/v2\/product_cat?post=30813"},{"taxonomy":"product_tag","embeddable":true,"href":"https:\/\/six-sept.ch\/de\/wp-json\/wp\/v2\/product_tag?post=30813"}],"curies":[{"name":"wp","href":"https:\/\/api.w.org\/{rel}","templated":true}]}}