{"id":30801,"date":"2024-05-16T07:36:23","date_gmt":"2024-05-16T05:36:23","guid":{"rendered":"https:\/\/six-sept.ch\/produit\/cii\/"},"modified":"2024-05-16T07:36:23","modified_gmt":"2024-05-16T05:36:23","slug":"cii","status":"publish","type":"product","link":"https:\/\/six-sept.ch\/de\/produit\/cii\/","title":{"rendered":"CII"},"content":{"rendered":"<p>Bringen Sie Ihre Individualit\u00e4t mit dem Modell CII zum Ausdruck, einem Meisterst\u00fcck zeitgen\u00f6ssischer Schweizer Handwerkskunst.<br \/>\nInspiriert von der Sch\u00f6nheit der Freiburger Voralpen, vereint dieses Modell die W\u00e4rme von ger\u00e4ucherter Eiche mit der zeitlosen Eleganz von Ahorn.<br \/>\nDieses Modell wurde f\u00fcr eine perfekte Passform und dauerhaften Komfort entworfen und verk\u00f6rpert die Essenz von Luxus und Kultiviertheit.<br \/>\nMit seinen klaren Linien und seinem modernen Design ist das Modell CII das perfekte Accessoire f\u00fcr diejenigen, die in jedem Detail nach Exzellenz suchen.   <\/p>\n","protected":false},"excerpt":{"rendered":"<p>Heben Sie sich mit unserem Modell CII von der Masse ab.<br \/>\nHandgefertigt aus ger\u00e4ucherter Eiche und Schweizer Ahorn, verk\u00f6rpert dieses Gestell Luxus und Raffinesse f\u00fcr einen unvergleichlichen Stil. <\/p>\n","protected":false},"featured_media":30556,"template":"","meta":{"_et_pb_use_builder":"on","_et_pb_old_content":"Bringen Sie Ihre Individualit\u00e4t mit dem Modell CII zum Ausdruck, einem Meisterst\u00fcck zeitgen\u00f6ssischer Schweizer Handwerkskunst.\nInspiriert von der Sch\u00f6nheit der Freiburger Voralpen, vereint dieses Modell die W\u00e4rme von ger\u00e4ucherter Eiche mit der zeitlosen Eleganz von Ahorn.\nDieses Modell wurde f\u00fcr eine perfekte Passform und dauerhaften Komfort entworfen und verk\u00f6rpert die Essenz von Luxus und Kultiviertheit.\nMit seinen klaren Linien und seinem modernen Design ist das Modell CII das perfekte Accessoire f\u00fcr diejenigen, die in jedem Detail nach Exzellenz suchen.   ","_et_gb_content_width":""},"product_brand":[],"product_cat":[126,129,127,128],"product_tag":[],"class_list":{"0":"post-30801","1":"product","2":"type-product","3":"status-publish","4":"has-post-thumbnail","6":"product_cat-brillen","7":"product_cat-optische-brille-nussbaum","8":"product_cat-optische-brillen","9":"product_cat-optische-brillen-aus-geraucherter-eiche","11":"first","12":"instock","13":"shipping-taxable","14":"purchasable","15":"product-type-variable"},"yoast_head":"<!-- This site is optimized with the Yoast SEO plugin v27.3 - https:\/\/yoast.com\/product\/yoast-seo-wordpress\/ -->\n<title>CII - Six-Sept<\/title>\n<meta name=\"robots\" content=\"index, follow, max-snippet:-1, max-image-preview:large, max-video-preview:-1\" \/>\n<link rel=\"canonical\" href=\"https:\/\/six-sept.ch\/de\/produit\/cii\/\" \/>\n<meta property=\"og:locale\" content=\"de_DE\" \/>\n<meta property=\"og:type\" content=\"article\" \/>\n<meta property=\"og:title\" content=\"CII - Six-Sept\" \/>\n<meta property=\"og:description\" content=\"Heben Sie sich mit unserem Modell CII von der Masse ab. Handgefertigt aus ger\u00e4ucherter Eiche und Schweizer Ahorn, verk\u00f6rpert dieses Gestell Luxus und Raffinesse f\u00fcr einen unvergleichlichen Stil.\" \/>\n<meta property=\"og:url\" content=\"https:\/\/six-sept.ch\/de\/produit\/cii\/\" \/>\n<meta property=\"og:site_name\" content=\"Six-Sept\" \/>\n<meta property=\"og:image\" content=\"https:\/\/i0.wp.com\/six-sept.ch\/wp-content\/uploads\/2024\/05\/IMG_9564-1-scaled.webp?fit=2560%2C1440&ssl=1\" \/>\n\t<meta property=\"og:image:width\" content=\"2560\" \/>\n\t<meta property=\"og:image:height\" content=\"1440\" \/>\n\t<meta property=\"og:image:type\" content=\"image\/jpeg\" \/>\n<meta name=\"twitter:card\" content=\"summary_large_image\" \/>\n<script type=\"application\/ld+json\" class=\"yoast-schema-graph\">{\"@context\":\"https:\\\/\\\/schema.org\",\"@graph\":[{\"@type\":\"WebPage\",\"@id\":\"https:\\\/\\\/six-sept.ch\\\/de\\\/produit\\\/cii\\\/\",\"url\":\"https:\\\/\\\/six-sept.ch\\\/de\\\/produit\\\/cii\\\/\",\"name\":\"CII - Six-Sept\",\"isPartOf\":{\"@id\":\"https:\\\/\\\/six-sept.ch\\\/de\\\/#website\"},\"primaryImageOfPage\":{\"@id\":\"https:\\\/\\\/six-sept.ch\\\/de\\\/produit\\\/cii\\\/#primaryimage\"},\"image\":{\"@id\":\"https:\\\/\\\/six-sept.ch\\\/de\\\/produit\\\/cii\\\/#primaryimage\"},\"thumbnailUrl\":\"https:\\\/\\\/i0.wp.com\\\/six-sept.ch\\\/wp-content\\\/uploads\\\/2024\\\/05\\\/IMG_9564-1-scaled.webp?fit=2560%2C1440&ssl=1\",\"datePublished\":\"2024-05-16T05:36:23+00:00\",\"breadcrumb\":{\"@id\":\"https:\\\/\\\/six-sept.ch\\\/de\\\/produit\\\/cii\\\/#breadcrumb\"},\"inLanguage\":\"de\",\"potentialAction\":[{\"@type\":\"ReadAction\",\"target\":[\"https:\\\/\\\/six-sept.ch\\\/de\\\/produit\\\/cii\\\/\"]}]},{\"@type\":\"ImageObject\",\"inLanguage\":\"de\",\"@id\":\"https:\\\/\\\/six-sept.ch\\\/de\\\/produit\\\/cii\\\/#primaryimage\",\"url\":\"https:\\\/\\\/i0.wp.com\\\/six-sept.ch\\\/wp-content\\\/uploads\\\/2024\\\/05\\\/IMG_9564-1-scaled.webp?fit=2560%2C1440&ssl=1\",\"contentUrl\":\"https:\\\/\\\/i0.wp.com\\\/six-sept.ch\\\/wp-content\\\/uploads\\\/2024\\\/05\\\/IMG_9564-1-scaled.webp?fit=2560%2C1440&ssl=1\",\"width\":2560,\"height\":1440},{\"@type\":\"BreadcrumbList\",\"@id\":\"https:\\\/\\\/six-sept.ch\\\/de\\\/produit\\\/cii\\\/#breadcrumb\",\"itemListElement\":[{\"@type\":\"ListItem\",\"position\":1,\"name\":\"Collection\",\"item\":\"https:\\\/\\\/six-sept.ch\\\/collection\\\/\"},{\"@type\":\"ListItem\",\"position\":2,\"name\":\"CII\"}]},{\"@type\":\"WebSite\",\"@id\":\"https:\\\/\\\/six-sept.ch\\\/de\\\/#website\",\"url\":\"https:\\\/\\\/six-sept.ch\\\/de\\\/\",\"name\":\"Six-Sept\",\"description\":\"Lunettes suisse en bois\",\"publisher\":{\"@id\":\"https:\\\/\\\/six-sept.ch\\\/de\\\/#organization\"},\"potentialAction\":[{\"@type\":\"SearchAction\",\"target\":{\"@type\":\"EntryPoint\",\"urlTemplate\":\"https:\\\/\\\/six-sept.ch\\\/de\\\/?s={search_term_string}\"},\"query-input\":{\"@type\":\"PropertyValueSpecification\",\"valueRequired\":true,\"valueName\":\"search_term_string\"}}],\"inLanguage\":\"de\"},{\"@type\":\"Organization\",\"@id\":\"https:\\\/\\\/six-sept.ch\\\/de\\\/#organization\",\"name\":\"Six-Sept\",\"url\":\"https:\\\/\\\/six-sept.ch\\\/de\\\/\",\"logo\":{\"@type\":\"ImageObject\",\"inLanguage\":\"de\",\"@id\":\"https:\\\/\\\/six-sept.ch\\\/de\\\/#\\\/schema\\\/logo\\\/image\\\/\",\"url\":\"https:\\\/\\\/six-sept.ch\\\/wp-content\\\/uploads\\\/2022\\\/10\\\/Six-Sept-logo-text-1-1.png\",\"contentUrl\":\"https:\\\/\\\/six-sept.ch\\\/wp-content\\\/uploads\\\/2022\\\/10\\\/Six-Sept-logo-text-1-1.png\",\"width\":1200,\"height\":800,\"caption\":\"Six-Sept\"},\"image\":{\"@id\":\"https:\\\/\\\/six-sept.ch\\\/de\\\/#\\\/schema\\\/logo\\\/image\\\/\"}}]}<\/script>\n<!-- \/ Yoast SEO plugin. -->","yoast_head_json":{"title":"CII - Six-Sept","robots":{"index":"index","follow":"follow","max-snippet":"max-snippet:-1","max-image-preview":"max-image-preview:large","max-video-preview":"max-video-preview:-1"},"canonical":"https:\/\/six-sept.ch\/de\/produit\/cii\/","og_locale":"de_DE","og_type":"article","og_title":"CII - Six-Sept","og_description":"Heben Sie sich mit unserem Modell CII von der Masse ab. Handgefertigt aus ger\u00e4ucherter Eiche und Schweizer Ahorn, verk\u00f6rpert dieses Gestell Luxus und Raffinesse f\u00fcr einen unvergleichlichen Stil.","og_url":"https:\/\/six-sept.ch\/de\/produit\/cii\/","og_site_name":"Six-Sept","og_image":[{"width":2560,"height":1440,"url":"https:\/\/i0.wp.com\/six-sept.ch\/wp-content\/uploads\/2024\/05\/IMG_9564-1-scaled.webp?fit=2560%2C1440&ssl=1","type":"image\/jpeg"}],"twitter_card":"summary_large_image","schema":{"@context":"https:\/\/schema.org","@graph":[{"@type":"WebPage","@id":"https:\/\/six-sept.ch\/de\/produit\/cii\/","url":"https:\/\/six-sept.ch\/de\/produit\/cii\/","name":"CII - Six-Sept","isPartOf":{"@id":"https:\/\/six-sept.ch\/de\/#website"},"primaryImageOfPage":{"@id":"https:\/\/six-sept.ch\/de\/produit\/cii\/#primaryimage"},"image":{"@id":"https:\/\/six-sept.ch\/de\/produit\/cii\/#primaryimage"},"thumbnailUrl":"https:\/\/i0.wp.com\/six-sept.ch\/wp-content\/uploads\/2024\/05\/IMG_9564-1-scaled.webp?fit=2560%2C1440&ssl=1","datePublished":"2024-05-16T05:36:23+00:00","breadcrumb":{"@id":"https:\/\/six-sept.ch\/de\/produit\/cii\/#breadcrumb"},"inLanguage":"de","potentialAction":[{"@type":"ReadAction","target":["https:\/\/six-sept.ch\/de\/produit\/cii\/"]}]},{"@type":"ImageObject","inLanguage":"de","@id":"https:\/\/six-sept.ch\/de\/produit\/cii\/#primaryimage","url":"https:\/\/i0.wp.com\/six-sept.ch\/wp-content\/uploads\/2024\/05\/IMG_9564-1-scaled.webp?fit=2560%2C1440&ssl=1","contentUrl":"https:\/\/i0.wp.com\/six-sept.ch\/wp-content\/uploads\/2024\/05\/IMG_9564-1-scaled.webp?fit=2560%2C1440&ssl=1","width":2560,"height":1440},{"@type":"BreadcrumbList","@id":"https:\/\/six-sept.ch\/de\/produit\/cii\/#breadcrumb","itemListElement":[{"@type":"ListItem","position":1,"name":"Collection","item":"https:\/\/six-sept.ch\/collection\/"},{"@type":"ListItem","position":2,"name":"CII"}]},{"@type":"WebSite","@id":"https:\/\/six-sept.ch\/de\/#website","url":"https:\/\/six-sept.ch\/de\/","name":"Six-Sept","description":"Lunettes suisse en bois","publisher":{"@id":"https:\/\/six-sept.ch\/de\/#organization"},"potentialAction":[{"@type":"SearchAction","target":{"@type":"EntryPoint","urlTemplate":"https:\/\/six-sept.ch\/de\/?s={search_term_string}"},"query-input":{"@type":"PropertyValueSpecification","valueRequired":true,"valueName":"search_term_string"}}],"inLanguage":"de"},{"@type":"Organization","@id":"https:\/\/six-sept.ch\/de\/#organization","name":"Six-Sept","url":"https:\/\/six-sept.ch\/de\/","logo":{"@type":"ImageObject","inLanguage":"de","@id":"https:\/\/six-sept.ch\/de\/#\/schema\/logo\/image\/","url":"https:\/\/six-sept.ch\/wp-content\/uploads\/2022\/10\/Six-Sept-logo-text-1-1.png","contentUrl":"https:\/\/six-sept.ch\/wp-content\/uploads\/2022\/10\/Six-Sept-logo-text-1-1.png","width":1200,"height":800,"caption":"Six-Sept"},"image":{"@id":"https:\/\/six-sept.ch\/de\/#\/schema\/logo\/image\/"}}]}},"jetpack-related-posts":[],"jetpack_sharing_enabled":true,"_links":{"self":[{"href":"https:\/\/six-sept.ch\/de\/wp-json\/wp\/v2\/product\/30801","targetHints":{"allow":["GET"]}}],"collection":[{"href":"https:\/\/six-sept.ch\/de\/wp-json\/wp\/v2\/product"}],"about":[{"href":"https:\/\/six-sept.ch\/de\/wp-json\/wp\/v2\/types\/product"}],"wp:featuredmedia":[{"embeddable":true,"href":"https:\/\/six-sept.ch\/de\/wp-json\/wp\/v2\/media\/30556"}],"wp:attachment":[{"href":"https:\/\/six-sept.ch\/de\/wp-json\/wp\/v2\/media?parent=30801"}],"wp:term":[{"taxonomy":"product_brand","embeddable":true,"href":"https:\/\/six-sept.ch\/de\/wp-json\/wp\/v2\/product_brand?post=30801"},{"taxonomy":"product_cat","embeddable":true,"href":"https:\/\/six-sept.ch\/de\/wp-json\/wp\/v2\/product_cat?post=30801"},{"taxonomy":"product_tag","embeddable":true,"href":"https:\/\/six-sept.ch\/de\/wp-json\/wp\/v2\/product_tag?post=30801"}],"curies":[{"name":"wp","href":"https:\/\/api.w.org\/{rel}","templated":true}]}}